{"id":101,"date":"2026-03-06T12:58:51","date_gmt":"2026-03-06T12:58:51","guid":{"rendered":"https:\/\/coaching-accompagnement-montpellier.fr\/?page_id=101"},"modified":"2026-03-13T14:07:32","modified_gmt":"2026-03-13T14:07:32","slug":"mes-accompagnements","status":"publish","type":"page","link":"https:\/\/coaching-accompagnement-montpellier.fr\/index.php\/mes-accompagnements\/","title":{"rendered":"Mes accompagnements"},"content":{"rendered":"\n<h2 class=\"wp-block-heading\">1. Coaching Psycho-\u00c9motionnel &amp; Alignement<\/h2>\n\n\n\n<p><em>Pour les esprits qui bouillonnent, ceux qui se sentent en d\u00e9calage, ou qui sont \u00e9puis\u00e9s de jouer un r\u00f4le.<\/em><\/p>\n\n\n\n<figure class=\"wp-block-image size-large\"><img loading=\"lazy\" decoding=\"async\" width=\"1024\" height=\"403\" src=\"https:\/\/coaching-accompagnement-montpellier.fr\/wp-content\/uploads\/2026\/03\/image-8-1024x403.png\" alt=\"\" class=\"wp-image-187\" srcset=\"https:\/\/coaching-accompagnement-montpellier.fr\/wp-content\/uploads\/2026\/03\/image-8-1024x403.png 1024w, https:\/\/coaching-accompagnement-montpellier.fr\/wp-content\/uploads\/2026\/03\/image-8-300x118.png 300w, https:\/\/coaching-accompagnement-montpellier.fr\/wp-content\/uploads\/2026\/03\/image-8-768x302.png 768w, https:\/\/coaching-accompagnement-montpellier.fr\/wp-content\/uploads\/2026\/03\/image-8-1536x605.png 1536w, https:\/\/coaching-accompagnement-montpellier.fr\/wp-content\/uploads\/2026\/03\/image-8.png 2048w\" sizes=\"auto, (max-width: 1024px) 100vw, 1024px\" \/><\/figure>\n\n\n\n<p>Cet accompagnement individuel sur-mesure vous aide \u00e0 traverser une p\u00e9riode de brouillard, \u00e0 lever vos blocages (perfectionnisme, manque de confiance, procrastination) et \u00e0 faire la paix avec votre propre fonctionnement. Nous remettons la t\u00eate, le c\u0153ur et le corps dans la m\u00eame direction.<\/p>\n\n\n\n<div class=\"wp-block-group has-global-padding is-layout-constrained wp-block-group-is-layout-constrained\">\n<ul class=\"wp-block-list\">\n<li><strong>Id\u00e9al pour :<\/strong> Retrouver du sens, traverser une transition de vie, se lib\u00e9rer du regard des autres, ou simplement apprendre \u00e0 se lire avec justesse.<\/li>\n\n\n\n<li><strong>Dur\u00e9e d&rsquo;une s\u00e9ance :<\/strong> 1h \u00e0 1h15 <\/li>\n\n\n\n<li><strong>Tarif : 90 \u20ac \/ s\u00e9ance<\/strong><\/li>\n<\/ul>\n\n\n\n<h2 class=\"wp-block-heading\">2. L&rsquo;Accompagnement \u00ab\u00a0Porteur de Projet\u00a0\u00bb<\/h2>\n\n\n\n<p><em>Parce qu&rsquo;entreprendre est un marathon, et que votre \u00e9quilibre personnel est votre premier capital.<\/em><\/p>\n\n\n\n<p>La cr\u00e9ation d&rsquo;entreprise ou le d\u00e9veloppement d&rsquo;une activit\u00e9 met nos peurs et nos croyances \u00e0 rude \u00e9preuve. Le perfectionnisme, la peur du jugement ou le syndrome de l&rsquo;imposteur peuvent vite se transformer en surmenage. Je vous accompagne pour que votre entreprise soit au service de votre vie, et non l&rsquo;inverse. Vous apprendrez \u00e0 avancer de mani\u00e8re align\u00e9e, sans vous \u00e9puiser.<\/p>\n\n\n\n<ul class=\"wp-block-list\">\n<li><strong>Id\u00e9al pour :<\/strong> Futurs entrepreneurs, jeunes cr\u00e9ateurs d&rsquo;entreprise, ind\u00e9pendants en phase de lancement ou de doute.<\/li>\n\n\n\n<li><strong>Dur\u00e9e d&rsquo;une s\u00e9ance :<\/strong> 1h \u00e0 1h15<\/li>\n\n\n\n<li><strong><strong>Tarif : 90 \u20ac \/ s\u00e9ance<\/strong><\/strong> <em>(Tarif r\u00e9duit possible).<\/em><\/li>\n<\/ul>\n\n\n\n<figure class=\"wp-block-image size-large\"><img loading=\"lazy\" decoding=\"async\" width=\"1024\" height=\"512\" src=\"https:\/\/coaching-accompagnement-montpellier.fr\/wp-content\/uploads\/2026\/03\/image-9-1024x512.png\" alt=\"\" class=\"wp-image-191\" srcset=\"https:\/\/coaching-accompagnement-montpellier.fr\/wp-content\/uploads\/2026\/03\/image-9-1024x512.png 1024w, https:\/\/coaching-accompagnement-montpellier.fr\/wp-content\/uploads\/2026\/03\/image-9-300x150.png 300w, https:\/\/coaching-accompagnement-montpellier.fr\/wp-content\/uploads\/2026\/03\/image-9-768x384.png 768w, https:\/\/coaching-accompagnement-montpellier.fr\/wp-content\/uploads\/2026\/03\/image-9.png 1500w\" sizes=\"auto, (max-width: 1024px) 100vw, 1024px\" \/><\/figure>\n<\/div>\n","protected":false},"excerpt":{"rendered":"<p>1. Coaching Psycho-\u00c9motionnel &amp; Alignement Pour les esprits qui bouillonnent, ceux qui se sentent en d\u00e9calage, ou qui sont \u00e9puis\u00e9s de jouer un r\u00f4le. Cet accompagnement individuel sur-mesure vous aide \u00e0 traverser une p\u00e9riode de brouillard, \u00e0 lever vos blocages (perfectionnisme, manque de confiance, procrastination) et \u00e0 faire la paix avec votre propre fonctionnement. Nous [&hellip;]<\/p>\n","protected":false},"author":1,"featured_media":0,"parent":0,"menu_order":0,"comment_status":"closed","ping_status":"closed","template":"","meta":{"footnotes":""},"class_list":["post-101","page","type-page","status-publish","hentry"],"_links":{"self":[{"href":"https:\/\/coaching-accompagnement-montpellier.fr\/index.php\/wp-json\/wp\/v2\/pages\/101","targetHints":{"allow":["GET"]}}],"collection":[{"href":"https:\/\/coaching-accompagnement-montpellier.fr\/index.php\/wp-json\/wp\/v2\/pages"}],"about":[{"href":"https:\/\/coaching-accompagnement-montpellier.fr\/index.php\/wp-json\/wp\/v2\/types\/page"}],"author":[{"embeddable":true,"href":"https:\/\/coaching-accompagnement-montpellier.fr\/index.php\/wp-json\/wp\/v2\/users\/1"}],"replies":[{"embeddable":true,"href":"https:\/\/coaching-accompagnement-montpellier.fr\/index.php\/wp-json\/wp\/v2\/comments?post=101"}],"version-history":[{"count":5,"href":"https:\/\/coaching-accompagnement-montpellier.fr\/index.php\/wp-json\/wp\/v2\/pages\/101\/revisions"}],"predecessor-version":[{"id":192,"href":"https:\/\/coaching-accompagnement-montpellier.fr\/index.php\/wp-json\/wp\/v2\/pages\/101\/revisions\/192"}],"wp:attachment":[{"href":"https:\/\/coaching-accompagnement-montpellier.fr\/index.php\/wp-json\/wp\/v2\/media?parent=101"}],"curies":[{"name":"wp","href":"https:\/\/api.w.org\/{rel}","templated":true}]}}